{"id":3568,"date":"2018-08-09T11:06:41","date_gmt":"2018-08-09T11:06:41","guid":{"rendered":"http:\/\/localhost\/parroquia\/?page_id=3568"},"modified":"2022-04-21T08:12:17","modified_gmt":"2022-04-21T08:12:17","slug":"bautismo","status":"publish","type":"page","link":"https:\/\/parroquiamilagrosa.es\/?page_id=3568","title":{"rendered":"Bautismo"},"content":{"rendered":"\r\n<h3 style=\"text-align: center;\"><em>\u201cIde, pois, e facede disc\u00edpulos meus a todos os pobos, bautiz\u00e1ndoos no nome do Pai e do Fillo e do Esp\u00edrito Santo\u201d<\/em> (Mt 28,19)<\/h3>\r\n<p>O Bautismo \u00e9 o primeiro Sacramento. \u00c9 a porta a todo o cami\u00f1o cristi\u00e1. Polo Bautismo somos liberados do pecado e rexenerados como fillos de Deus, constituidos membros do corpo de Cristo, unidos para sempre a \u00c9l e incorporados a Igrexa, comunidade de seguidores de Xes\u00fas.<\/p>\r\n<p>Polo Bautismo nacemos a Vida Eterna. \u00c9 un don de Deus que recibimos a trav\u00e9s dos ritos sacramentais.<\/p>\r\n<p><strong><u>DATAS DE BAUTISMOS <\/u><\/strong><strong><u>ANO 2022-2023:<\/u><\/strong><\/p>\r\n\r\n\r\n\r\n<table class=\"blueTable\" style=\"margin: auto;\">\r\n<thead>\r\n<tr>\r\n<th>Mes<\/th>\r\n<th>D\u00edas<\/th>\r\n<\/tr>\r\n<\/thead>\r\n<tbody>\r\n<tr>\r\n<td>Maio<\/td>\r\n<td>8 &#8211; 22<\/td>\r\n<\/tr>\r\n<tr>\r\n<td>Xu\u00f1o<\/td>\r\n<td>12<\/td>\r\n<\/tr>\r\n<tr>\r\n<td>Xullo<\/td>\r\n<td>3 &#8211; 17<\/td>\r\n<\/tr>\r\n<tr>\r\n<td>Agosto<\/td>\r\n<td>7 &#8211; 14<\/td>\r\n<\/tr>\r\n<tr>\r\n<td>Setembro<\/td>\r\n<td>11 \u2013 25<\/td>\r\n<\/tr>\r\n<tr>\r\n<td>Outubro<\/td>\r\n<td>9 &#8211; 30<\/td>\r\n<\/tr>\r\n<tr>\r\n<td>Novembro<\/td>\r\n<td>6 &#8211; 20<\/td>\r\n<\/tr>\r\n<tr>\r\n<td>Decembro<\/td>\r\n<td>25<\/td>\r\n<\/tr>\r\n<tr>\r\n<td>Xaneiro<\/td>\r\n<td>8 &#8211; 22<\/td>\r\n<\/tr>\r\n<\/tbody>\r\n<\/table>\r\n<p>\u00a0(durante o <strong>Advento <\/strong>e a<strong> Coresma <\/strong>non se celebran bautizos. Salvo casos de enfermidade)<\/p>\r\n<p><strong><u>Preparaci\u00f3n bautismal<\/u><\/strong><\/p>\r\n<p>Temos <strong>un encontro<\/strong> coas familias o <strong>s\u00e1bado anterior \u00e1s 18:30h<\/strong><\/p>\r\n<p>O bautismo celebrase na Misa do <strong>Domingo<\/strong> \u00e1s <strong>12:30<\/strong><\/p>\r\n<p><em>No <strong>ver\u00e1n<\/strong> a <strong>Misa<\/strong> pasa a ser \u00e1s <strong>12:00h<\/strong><\/em><\/p>\r\n\r\n\r\n\r\n\r\n\r\n<h3>CONDICI\u00d3NS E COMPROMISOS DOS PAIS<\/h3>\r\n<ul>\r\n<li>Ensinar e transmitila fe cristi\u00e1 ao seu fillo\/a.<\/li>\r\n<li>Reco\u00f1ecer a Deus como Pai, a Xesucristo como Salvador, o Esp\u00edrito Santo como santificador.<\/li>\r\n<li>Aceptar \u00e1 Igrexa, na que desexan incorporar ao seu fillo\/a, como comunidade de fe e comunidade de seguidores de Xesucristo<\/li>\r\n<\/ul>\r\n<h3>CONDICI\u00d3NS E COMPROMISOS DO PADRI\u00d1O\/MADRI\u00d1A<\/h3>\r\n<ul>\r\n<li>\u00c9 condici\u00f3n indispensable ser cat\u00f3lico, maior de 16 anos e estar confirmado (<em>canon 874 do C\u00f3digo de Dereito Can\u00f3nico)<\/em>. Deber\u00e1 aportar certificado de confirmaci\u00f3n.<\/li>\r\n<\/ul>\r\n<h3>PARA O D\u00cdA DO BAUTISMO<\/h3>\r\n<ul>\r\n<li>Unha vela, un pano branco e unha toalla pequena.<\/li>\r\n<\/ul>\r\n<h3>APORTACI\u00d3N ECON\u00d3MICA<\/h3>\r\n<ul>\r\n<li>Cada familia aporta na medida das s\u00faas posibilidades a cantidade que estimen oportuna para o sostemento da Parroquia e toda a pastoral (C\u00e1ritas, catequese, etc)<\/li>\r\n<\/ul>\r\n\r\n<p><object data=\"http:\/\/parroquiamilagrosa.es\/pdfs\/20200622solicitude%20bautismo%20web.pdf\" type=\"application\/pdf\" width=\"100%\" height=\"600px\">\r\n  <\/object><\/p>\r\n<p><a href=\"https:\/\/parroquiamilagrosa.es\/wp-content\/uploads\/2022\/04\/DATAS-BAUTISMOS-2022-2023.pdf\">Solicitude de bautismo<\/a><\/p>\r\n<p><a href=\"https:\/\/parroquiamilagrosa.es\/wp-content\/uploads\/2021\/02\/Solicitude-de-iniciacion-cristia.pdf\">Solicitude de Iniciaci\u00f3n Cristi\u00e1<\/a><\/p>","protected":false},"excerpt":{"rendered":"<p>\u201cIde, pois, e facede disc\u00edpulos meus a todos os pobos, bautiz\u00e1ndoos no nome do Pai e do Fillo e do Esp\u00edrito Santo\u201d (Mt 28,19) O Bautismo \u00e9 o primeiro Sacramento. \u00c9 a porta a todo o cami\u00f1o cristi\u00e1. Polo Bautismo somos liberados do pecado e rexenerados como fillos de Deus, constituidos membros do corpo de Cristo, unidos para sempre a \u00c9l e incorporados a Igrexa, comunidade de seguidores de Xes\u00fas. Polo Bautismo nacemos a Vida Eterna. \u00c9 un don de&hellip;<\/p>\n","protected":false},"author":1,"featured_media":0,"parent":0,"menu_order":0,"comment_status":"closed","ping_status":"closed","template":"","meta":[],"_links":{"self":[{"href":"https:\/\/parroquiamilagrosa.es\/index.php?rest_route=\/wp\/v2\/pages\/3568"}],"collection":[{"href":"https:\/\/parroquiamilagrosa.es\/index.php?rest_route=\/wp\/v2\/pages"}],"about":[{"href":"https:\/\/parroquiamilagrosa.es\/index.php?rest_route=\/wp\/v2\/types\/page"}],"author":[{"embeddable":true,"href":"https:\/\/parroquiamilagrosa.es\/index.php?rest_route=\/wp\/v2\/users\/1"}],"replies":[{"embeddable":true,"href":"https:\/\/parroquiamilagrosa.es\/index.php?rest_route=%2Fwp%2Fv2%2Fcomments&post=3568"}],"version-history":[{"count":18,"href":"https:\/\/parroquiamilagrosa.es\/index.php?rest_route=\/wp\/v2\/pages\/3568\/revisions"}],"predecessor-version":[{"id":4330,"href":"https:\/\/parroquiamilagrosa.es\/index.php?rest_route=\/wp\/v2\/pages\/3568\/revisions\/4330"}],"wp:attachment":[{"href":"https:\/\/parroquiamilagrosa.es\/index.php?rest_route=%2Fwp%2Fv2%2Fmedia&parent=3568"}],"curies":[{"name":"wp","href":"https:\/\/api.w.org\/{rel}","templated":true}]}}