{"id":3575,"date":"2018-08-09T11:33:58","date_gmt":"2018-08-09T11:33:58","guid":{"rendered":"http:\/\/localhost\/parroquia\/?page_id=3575"},"modified":"2020-09-16T10:23:30","modified_gmt":"2020-09-16T10:23:30","slug":"confirmaciones","status":"publish","type":"page","link":"https:\/\/parroquiamilagrosa.es\/?page_id=3575","title":{"rendered":"Confirmaci\u00f3n"},"content":{"rendered":"<h3 style=\"text-align: center;\"><em>\u201cV\u00f3s tam\u00e9n, despois de escoitardes a mensaxe da verdade, o Evanxeo da vosa <\/em><em>salvaci\u00f3n, e crerdes nel, quedastes selados co Esp\u00edrito Santo prometido\u201d Ef.1,13<\/em><\/h3>\n<p>A Confirmaci\u00f3n xunto co Bautismo e a Eucarist\u00eda constituen os Sacramentos da Iniciaci\u00f3n Cristi\u00e1. A Confirmaci\u00f3n \u00e9 o sacramento que complementa \u00f3 Bautismo, une dunha maneira mais intima coa Igrexa e enriquece o cristi\u00e1 cunha fortalez especial do Esp\u00edrito Santo.<br \/>\nO don do Esp\u00edrito Santo \u00e9 a forza do Alto na que o cristi\u00e1 realiza a graza do seu bautismo a trav\u00e9s da s\u00faa vida, e con esa forza chegamos a estar comprometidos coa embros activos da comunidade eclesial.<\/p>\n<h2>Requisitos e Condici\u00f3ns de Confirmaci\u00f3n<\/h2>\n<p>A Catequese de Confirmaci\u00f3n na Parroquia da Milagrosa organ\u00edzase en tres niveis:<\/p>\n<ul>\n<li>Nenas e nenos de 9 a 12 anos.<\/li>\n<li>Nenas e nenos maiores de 13 anos.<\/li>\n<li>Persoas maiores de 18 anos.<\/li>\n<\/ul>\n<p>son procesos distintos en funci\u00f3n da idade.<\/p>\n<h2 style=\"text-align: center;\">CATEQUESE DE CONFIRMACI\u00d3N 2020-2021<\/h2>\n<p>A actual situaci\u00f3n xerada pola pandemia da Covid-19 limita a nosa capacidade para a celebraci\u00f3n das reuni\u00f3ns e xuntanzas na comunidade parroquial. Namentres a situaci\u00f3n non se normalice cremos convinte suspender as reuni\u00f3ns semanais cos nenos e nenas de catequese da maneira que se vi\u00f1a facendo.<\/p>\n<p>Ata ent\u00f3n, a catequese de Confirmaci\u00f3n na parroquia este curso consistir\u00e1 na participaci\u00f3n na Eucarist\u00eda Dominical<\/p>\n<p>Temos prevista algunha reuni\u00f3n coas nais e pais a fin de ofrecer materiais e recursos para poder traballar na casa e fortalecer a igrexa dom\u00e9stica.<\/p>\n<p><strong>\u00c9 NECESARIA INSCRICI\u00d3N: <\/strong><\/p>\n<p>(Descarga archivo coas condici\u00f3ns e ficha de inscrici\u00f3n)<\/p>\n<p><a href=\"http:\/\/parroquiamilagrosa.es\/wp-content\/uploads\/2020\/09\/CONFIRMACI\u00d3N-2020-2021-1.pdf\">CONFIRMACI\u00d3N 2020-2021<\/a><\/p>\n","protected":false},"excerpt":{"rendered":"<p>\u201cV\u00f3s tam\u00e9n, despois de escoitardes a mensaxe da verdade, o Evanxeo da vosa salvaci\u00f3n, e crerdes nel, quedastes selados co Esp\u00edrito Santo prometido\u201d Ef.1,13 A Confirmaci\u00f3n xunto co Bautismo e a Eucarist\u00eda constituen os Sacramentos da Iniciaci\u00f3n Cristi\u00e1. A Confirmaci\u00f3n \u00e9 o sacramento que complementa \u00f3 Bautismo, une dunha maneira mais intima coa Igrexa e enriquece o cristi\u00e1 cunha fortalez especial do Esp\u00edrito Santo. O don do Esp\u00edrito Santo \u00e9 a forza do Alto na que o cristi\u00e1 realiza a&hellip;<\/p>\n","protected":false},"author":1,"featured_media":0,"parent":0,"menu_order":0,"comment_status":"closed","ping_status":"closed","template":"","meta":[],"_links":{"self":[{"href":"https:\/\/parroquiamilagrosa.es\/index.php?rest_route=\/wp\/v2\/pages\/3575"}],"collection":[{"href":"https:\/\/parroquiamilagrosa.es\/index.php?rest_route=\/wp\/v2\/pages"}],"about":[{"href":"https:\/\/parroquiamilagrosa.es\/index.php?rest_route=\/wp\/v2\/types\/page"}],"author":[{"embeddable":true,"href":"https:\/\/parroquiamilagrosa.es\/index.php?rest_route=\/wp\/v2\/users\/1"}],"replies":[{"embeddable":true,"href":"https:\/\/parroquiamilagrosa.es\/index.php?rest_route=%2Fwp%2Fv2%2Fcomments&post=3575"}],"version-history":[{"count":10,"href":"https:\/\/parroquiamilagrosa.es\/index.php?rest_route=\/wp\/v2\/pages\/3575\/revisions"}],"predecessor-version":[{"id":4102,"href":"https:\/\/parroquiamilagrosa.es\/index.php?rest_route=\/wp\/v2\/pages\/3575\/revisions\/4102"}],"wp:attachment":[{"href":"https:\/\/parroquiamilagrosa.es\/index.php?rest_route=%2Fwp%2Fv2%2Fmedia&parent=3575"}],"curies":[{"name":"wp","href":"https:\/\/api.w.org\/{rel}","templated":true}]}}