{"id":3579,"date":"2018-08-10T08:40:43","date_gmt":"2018-08-10T08:40:43","guid":{"rendered":"http:\/\/localhost\/parroquia\/?page_id=3579"},"modified":"2020-07-14T09:39:06","modified_gmt":"2020-07-14T09:39:06","slug":"uncion","status":"publish","type":"page","link":"https:\/\/parroquiamilagrosa.es\/?page_id=3579","title":{"rendered":"Unci\u00f3n de enfermos"},"content":{"rendered":"<h3 style=\"text-align: center;\"><em>\u201c\u00bfAlg\u00fan de v\u00f3s ten unha doenza? Faga traer os presb\u00edteros da comunidade, para que recen por el, unx\u00edndoo con aceite no nome do Se\u00f1or\u201d (Sant 5, 14)<\/em><\/h3>\n<p>Cristo robustece \u00f3s seus irm\u00e1ns enfermos con Sacramento da Unci\u00f3n de Enfermos.<\/p>\n<p>A persoa \u00f3 enfermar gravemente necesita dunha especial graza de Deus para non ser dominado pola angustia, para que non desfaleza o seu \u00e1nimo e non se debilite a s\u00faa fe.<\/p>\n<p>Este Sacramento outorga \u00f3 enfermo a graza do Esp\u00edritu Santo, coa que a perosa \u00e9 axudada na s\u00faa sa\u00fade, confortada pola confianza en Deus e robustecida ante toda clase de tentaci\u00f3n e a angustia da morte. Asemade, conc\u00e9delle se \u00e9 necesario, o perd\u00f3n dos pecados e a plenitude da Penitencia cristi\u00e1.<\/p>\n<p>Quen pode recibir o Sacramento da Unci\u00f3n dos Enfermos?<\/p>\n<ul>\n<li>\u00d3s fieis que por enfermidade ou por idade avanzada vexan a s\u00faa vida moi debilitada.<\/li>\n<li>A unha persoa enferma que vaia ser operada, sempre que a intervenci\u00f3n revista gravidade.<\/li>\n<li>\u00d3s fieis que, a\u00ednda perdendo un sentido ou o co\u00f1ecemento, manifestasen antes o desexo de recibir a Unci\u00f3n.<\/li>\n<\/ul>\n<p>\u00c9 un Sacramento que se pode repetir mais dunha vez.<\/p>\n<p>O fiel que acaba de falecer non \u00e9 suxeito da Unci\u00f3n, mais d\u00e9bemos rezar por el.<\/p>\n<p>Para pedir a Unci\u00f3n dos Enfermos avisar na Parroquia ou chamar o 982 214265<\/p>\n","protected":false},"excerpt":{"rendered":"<p>\u201c\u00bfAlg\u00fan de v\u00f3s ten unha doenza? Faga traer os presb\u00edteros da comunidade, para que recen por el, unx\u00edndoo con aceite no nome do Se\u00f1or\u201d (Sant 5, 14) Cristo robustece \u00f3s seus irm\u00e1ns enfermos con Sacramento da Unci\u00f3n de Enfermos. A persoa \u00f3 enfermar gravemente necesita dunha especial graza de Deus para non ser dominado pola angustia, para que non desfaleza o seu \u00e1nimo e non se debilite a s\u00faa fe. Este Sacramento outorga \u00f3 enfermo a graza do Esp\u00edritu Santo,&hellip;<\/p>\n","protected":false},"author":1,"featured_media":0,"parent":0,"menu_order":0,"comment_status":"closed","ping_status":"closed","template":"","meta":[],"_links":{"self":[{"href":"https:\/\/parroquiamilagrosa.es\/index.php?rest_route=\/wp\/v2\/pages\/3579"}],"collection":[{"href":"https:\/\/parroquiamilagrosa.es\/index.php?rest_route=\/wp\/v2\/pages"}],"about":[{"href":"https:\/\/parroquiamilagrosa.es\/index.php?rest_route=\/wp\/v2\/types\/page"}],"author":[{"embeddable":true,"href":"https:\/\/parroquiamilagrosa.es\/index.php?rest_route=\/wp\/v2\/users\/1"}],"replies":[{"embeddable":true,"href":"https:\/\/parroquiamilagrosa.es\/index.php?rest_route=%2Fwp%2Fv2%2Fcomments&post=3579"}],"version-history":[{"count":5,"href":"https:\/\/parroquiamilagrosa.es\/index.php?rest_route=\/wp\/v2\/pages\/3579\/revisions"}],"predecessor-version":[{"id":4015,"href":"https:\/\/parroquiamilagrosa.es\/index.php?rest_route=\/wp\/v2\/pages\/3579\/revisions\/4015"}],"wp:attachment":[{"href":"https:\/\/parroquiamilagrosa.es\/index.php?rest_route=%2Fwp%2Fv2%2Fmedia&parent=3579"}],"curies":[{"name":"wp","href":"https:\/\/api.w.org\/{rel}","templated":true}]}}