{"id":3585,"date":"2018-08-09T11:35:37","date_gmt":"2018-08-09T11:35:37","guid":{"rendered":"http:\/\/localhost\/parroquia\/?page_id=3585"},"modified":"2020-07-14T09:53:34","modified_gmt":"2020-07-14T09:53:34","slug":"apadrina-familia","status":"publish","type":"page","link":"https:\/\/parroquiamilagrosa.es\/?page_id=3585","title":{"rendered":"Apadri\u00f1a unha familia"},"content":{"rendered":"<p><img loading=\"lazy\" class=\"size-full wp-image-4018 alignleft\" src=\"http:\/\/parroquiamilagrosa.es\/wp\/wp-content\/uploads\/2020\/07\/alimentosParroquiaAxuda-compressor.jpg\" alt=\"\" width=\"380\" height=\"500\" \/>\u00c9 un novo proxecto comunitario, no que buscamos familias, entidades ou particulares que poidan e desexen apadri\u00f1ar, no mais amplio sentido do termo, a outras familias e particulares que se atopan en situaci\u00f3ns precarias.<\/p>\n<p>O proxecto <strong><em>\u201cApadri\u00f1a\u00a0 unha familia\u201d<\/em> <\/strong>ten como obxectivo facer chegar unha axuda estable\u00a0ou puntual a personas e familias que atravesan por momentos de necesidade, que buscan consello e apoio para afrontar os obst\u00e1culos e imprevistos que os condenan nestes momentos a marxinaci\u00f3n e o desamparo. Cremos que ofrecendo una resposta coordinada, aportando experiencia, co\u00f1ecemento e proximidade, \u00e9 posible mellorar as condici\u00f3ns de vida da nosa veci\u00f1anza.<\/p>\n<p>Estas familias e particulares xa son atendidos por Caritas parroquial da Milagrosa, pero \u00e9 a nosa intenci\u00f3n buscar unha maior implicaci\u00f3n da sociedade, que permita ofrecer unha resposta digna as necesidades destes colectivos tan vulnerables, fomentado a creaci\u00f3n de novos lazos na comunidade.<\/p>\n<p>Se queres colaborar neste proxecto podes preguntar no despacho parroquial da Milagrosa ou po\u00f1erte en contacto con n\u00f3s a trav\u00e9s do correo de <a href=\"http:\/\/parroquiamilagrosa.es\/wp\/?page_id=3599\">contacto<\/a><\/p>\n","protected":false},"excerpt":{"rendered":"<p>\u00c9 un novo proxecto comunitario, no que buscamos familias, entidades ou particulares que poidan e desexen apadri\u00f1ar, no mais amplio sentido do termo, a outras familias e particulares que se atopan en situaci\u00f3ns precarias. O proxecto \u201cApadri\u00f1a\u00a0 unha familia\u201d ten como obxectivo facer chegar unha axuda estable\u00a0ou puntual a personas e familias que atravesan por momentos de necesidade, que buscan consello e apoio para afrontar os obst\u00e1culos e imprevistos que os condenan nestes momentos a marxinaci\u00f3n e o desamparo. Cremos&hellip;<\/p>\n","protected":false},"author":1,"featured_media":0,"parent":0,"menu_order":0,"comment_status":"closed","ping_status":"closed","template":"","meta":[],"_links":{"self":[{"href":"https:\/\/parroquiamilagrosa.es\/index.php?rest_route=\/wp\/v2\/pages\/3585"}],"collection":[{"href":"https:\/\/parroquiamilagrosa.es\/index.php?rest_route=\/wp\/v2\/pages"}],"about":[{"href":"https:\/\/parroquiamilagrosa.es\/index.php?rest_route=\/wp\/v2\/types\/page"}],"author":[{"embeddable":true,"href":"https:\/\/parroquiamilagrosa.es\/index.php?rest_route=\/wp\/v2\/users\/1"}],"replies":[{"embeddable":true,"href":"https:\/\/parroquiamilagrosa.es\/index.php?rest_route=%2Fwp%2Fv2%2Fcomments&post=3585"}],"version-history":[{"count":7,"href":"https:\/\/parroquiamilagrosa.es\/index.php?rest_route=\/wp\/v2\/pages\/3585\/revisions"}],"predecessor-version":[{"id":4022,"href":"https:\/\/parroquiamilagrosa.es\/index.php?rest_route=\/wp\/v2\/pages\/3585\/revisions\/4022"}],"wp:attachment":[{"href":"https:\/\/parroquiamilagrosa.es\/index.php?rest_route=%2Fwp%2Fv2%2Fmedia&parent=3585"}],"curies":[{"name":"wp","href":"https:\/\/api.w.org\/{rel}","templated":true}]}}