{"id":3591,"date":"2018-08-09T11:36:08","date_gmt":"2018-08-09T11:36:08","guid":{"rendered":"http:\/\/localhost\/parroquia\/?page_id=3591"},"modified":"2020-01-31T11:55:57","modified_gmt":"2020-01-31T11:55:57","slug":"historia","status":"publish","type":"page","link":"https:\/\/parroquiamilagrosa.es\/?page_id=3591","title":{"rendered":"Historia"},"content":{"rendered":"\r\n<figure class=\"wp-block-image alignleft is-resized\"><img loading=\"lazy\" class=\"wp-image-3758 size-full alignleft\" src=\"http:\/\/parroquiamilagrosa.es\/wp\/wp-content\/uploads\/2018\/08\/historia.jpg\" alt=\"\" width=\"504\" height=\"524\" srcset=\"https:\/\/parroquiamilagrosa.es\/wp-content\/uploads\/2018\/08\/historia.jpg 504w, https:\/\/parroquiamilagrosa.es\/wp-content\/uploads\/2018\/08\/historia-289x300.jpg 289w\" sizes=\"(max-width: 504px) 100vw, 504px\" \/><\/figure>\r\n\r\n\r\n\r\n<p>A orixe da nosa parroquia da Milagrosa rem\u00f3ntase ao ano 1942. O p\u00e1rroco de San Froil\u00e1n. D. Xos\u00e9 Fern\u00e1ndez Nu\u00f1ez, debido \u00f3 numeroso pobo existente, inaugura o 20 de decembro deste mesmo ano un lugar de culto, a capela da Nosa Se\u00f1ora do Perpetuo Socorro. Este local fora alugado e estaba situado na avenida da Coru\u00f1a. Nesta capela gard\u00e1base o Sant\u00edsimo Sacramento e celebr\u00e1base a Santa Misa os domingos e d\u00edas festivos \u00e1s 10 da ma\u00f1\u00e1. Por estas mesmas datas inaugur\u00e1ronse tres escolas para esta barriada promocionadas polo mesmo D. Xos\u00e9 F. N\u00fa\u00f1ez. En setembro de 1945 adqu\u00edrense tres parcelas de terreo (4.229 m2 en total), e , en outubro de 1947, m\u00e1rcase unha casa con d\u00faas plantas e terreo por detr\u00e1s da mesma, 625 m2 de superficie, \u00e1 altura do n\u00famero 157 da avenida da Coru\u00f1a. A primeira pedra da igrexa col\u00f3case o 23 de febreiro do ano 1946, asistindo a este acto o bispo da diocese, D. Rafael Balanz\u00e1.\u00a0Planos e memoria foron redactados polo arquitecto municipal, D. Ruperto S\u00e1nchez Nu\u00f1ez. As obras comezaron inmediatamente. O 17 de xu\u00f1o de 1948 estaba rematada a estrutura: muros e teito. O contratista foi D. Rodolfo Lama Prado, enxe\u00f1eiro de cami\u00f1os.<\/p>\r\n\r\n\r\n\r\n<figure class=\"wp-block-image aligncenter is-resized\"><img loading=\"lazy\" class=\"aligncenter wp-image-3759 size-full\" src=\"http:\/\/parroquiamilagrosa.es\/wp\/wp-content\/uploads\/2018\/08\/historia1.jpg\" alt=\"\" width=\"800\" height=\"555\" srcset=\"https:\/\/parroquiamilagrosa.es\/wp-content\/uploads\/2018\/08\/historia1.jpg 800w, https:\/\/parroquiamilagrosa.es\/wp-content\/uploads\/2018\/08\/historia1-300x208.jpg 300w, https:\/\/parroquiamilagrosa.es\/wp-content\/uploads\/2018\/08\/historia1-768x533.jpg 768w\" sizes=\"(max-width: 800px) 100vw, 800px\" \/><\/figure>\r\n\r\n\r\n\r\n<p>Continuaron as obras de acondicionamento dos locais comezando pola capela lateral dedicada \u00e1 Nosa Se\u00f1ora do Perpetuo Socorro. Esta veu a sustituir \u00e1 capela ubicada na avenida da Coru\u00f1a para o culto deste barrio. As outras obras, ademais da capela, continuando ata o ano 1961, realizadas polo contratista Xos\u00e9 G\u00f3mez Gonz\u00e1lez. A maior parte das imaxes foi obra do escultor compostel\u00e1n Manuel Miranda. E nos talleres Parcero, tam\u00e9n en Santiago, confeccion\u00e1ronse os retablos e os p\u00falpitos durante 11 anos. O 16 de xaneiro de 1951 bend\u00e9cese a igrexa e cel\u00e9brase a misa dominical \u00e1s 12 da ma\u00f1\u00e1 por ser insuficiente a capela. Con data 31 de outubro de 1961, Don Antonio Ona de Echave, bispo da diocese, expide o Decreto de divisi\u00f3n de Parroquias e a erecci\u00f3n de 5 novas na cidade, entre elas a da Milagrosa, que se formou con territorios segregados das antigas parroquias de Albeiros, San Froil\u00e1n e San Pedro. O 2 de decembro de 1961 toma posesi\u00f3n como primeiro p\u00e1rroco da Milagrosa D. Xos\u00e9 Varela Espa\u00f1a e dous coadxutores, D. Xos\u00e9 Valcarce D. Armando V. Crespo.<\/p>\r\n\r\n\r\n\r\n<figure class=\"wp-block-image aligncenter is-resized\"><img loading=\"lazy\" class=\"aligncenter wp-image-3760 size-full\" src=\"http:\/\/parroquiamilagrosa.es\/wp\/wp-content\/uploads\/2018\/08\/historia2.jpg\" alt=\"\" width=\"800\" height=\"553\" srcset=\"https:\/\/parroquiamilagrosa.es\/wp-content\/uploads\/2018\/08\/historia2.jpg 800w, https:\/\/parroquiamilagrosa.es\/wp-content\/uploads\/2018\/08\/historia2-300x207.jpg 300w, https:\/\/parroquiamilagrosa.es\/wp-content\/uploads\/2018\/08\/historia2-768x531.jpg 768w\" sizes=\"(max-width: 800px) 100vw, 800px\" \/><\/figure>\r\n","protected":false},"excerpt":{"rendered":"<p>A orixe da nosa parroquia da Milagrosa rem\u00f3ntase ao ano 1942. O p\u00e1rroco de San Froil\u00e1n. D. Xos\u00e9 Fern\u00e1ndez Nu\u00f1ez, debido \u00f3 numeroso pobo existente, inaugura o 20 de decembro deste mesmo ano un lugar de culto, a capela da Nosa Se\u00f1ora do Perpetuo Socorro. Este local fora alugado e estaba situado na avenida da Coru\u00f1a. Nesta capela gard\u00e1base o Sant\u00edsimo Sacramento e celebr\u00e1base a Santa Misa os domingos e d\u00edas festivos \u00e1s 10 da ma\u00f1\u00e1. Por estas mesmas datas&hellip;<\/p>\n","protected":false},"author":1,"featured_media":0,"parent":0,"menu_order":0,"comment_status":"closed","ping_status":"closed","template":"","meta":[],"_links":{"self":[{"href":"https:\/\/parroquiamilagrosa.es\/index.php?rest_route=\/wp\/v2\/pages\/3591"}],"collection":[{"href":"https:\/\/parroquiamilagrosa.es\/index.php?rest_route=\/wp\/v2\/pages"}],"about":[{"href":"https:\/\/parroquiamilagrosa.es\/index.php?rest_route=\/wp\/v2\/types\/page"}],"author":[{"embeddable":true,"href":"https:\/\/parroquiamilagrosa.es\/index.php?rest_route=\/wp\/v2\/users\/1"}],"replies":[{"embeddable":true,"href":"https:\/\/parroquiamilagrosa.es\/index.php?rest_route=%2Fwp%2Fv2%2Fcomments&post=3591"}],"version-history":[{"count":9,"href":"https:\/\/parroquiamilagrosa.es\/index.php?rest_route=\/wp\/v2\/pages\/3591\/revisions"}],"predecessor-version":[{"id":3803,"href":"https:\/\/parroquiamilagrosa.es\/index.php?rest_route=\/wp\/v2\/pages\/3591\/revisions\/3803"}],"wp:attachment":[{"href":"https:\/\/parroquiamilagrosa.es\/index.php?rest_route=%2Fwp%2Fv2%2Fmedia&parent=3591"}],"curies":[{"name":"wp","href":"https:\/\/api.w.org\/{rel}","templated":true}]}}