{"id":3599,"date":"2018-08-09T11:42:12","date_gmt":"2018-08-09T11:42:12","guid":{"rendered":"http:\/\/localhost\/parroquia\/?page_id=3599"},"modified":"2018-08-22T10:27:32","modified_gmt":"2018-08-22T10:27:32","slug":"contacto","status":"publish","type":"page","link":"https:\/\/parroquiamilagrosa.es\/?page_id=3599","title":{"rendered":"Contacto"},"content":{"rendered":"\n<p>Ponte en contacto con nosotros, a trav\u00e9s de este formulario.<\/p>\n\n\n<div role=\"form\" class=\"wpcf7\" id=\"wpcf7-f3745-o1\" lang=\"es-ES\" dir=\"ltr\">\n<div class=\"screen-reader-response\"><p role=\"status\" aria-live=\"polite\" aria-atomic=\"true\"><\/p> <ul><\/ul><\/div>\n<form action=\"\/index.php?rest_route=%2Fwp%2Fv2%2Fpages%2F3599#wpcf7-f3745-o1\" method=\"post\" class=\"wpcf7-form init\" novalidate=\"novalidate\" data-status=\"init\">\n<div style=\"display: none;\">\n<input type=\"hidden\" name=\"_wpcf7\" value=\"3745\" \/>\n<input type=\"hidden\" name=\"_wpcf7_version\" value=\"5.3\" \/>\n<input type=\"hidden\" name=\"_wpcf7_locale\" value=\"es_ES\" \/>\n<input type=\"hidden\" name=\"_wpcf7_unit_tag\" value=\"wpcf7-f3745-o1\" \/>\n<input type=\"hidden\" name=\"_wpcf7_container_post\" value=\"0\" \/>\n<input type=\"hidden\" name=\"_wpcf7_posted_data_hash\" value=\"\" \/>\n<\/div>\n<p><label> Tu nombre (requerido)<br \/>\n    <span class=\"wpcf7-form-control-wrap your-name\"><input type=\"text\" name=\"your-name\" value=\"\" size=\"40\" class=\"wpcf7-form-control wpcf7-text wpcf7-validates-as-required\" aria-required=\"true\" aria-invalid=\"false\" \/><\/span> <\/label><\/p>\n<p><label> Tu correo electr\u00f3nico (requerido)<br \/>\n    <span class=\"wpcf7-form-control-wrap your-email\"><input type=\"email\" name=\"your-email\" value=\"\" size=\"40\" class=\"wpcf7-form-control wpcf7-text wpcf7-email wpcf7-validates-as-required wpcf7-validates-as-email\" aria-required=\"true\" aria-invalid=\"false\" \/><\/span> <\/label><\/p>\n<p><label> Asunto<br \/>\n    <span class=\"wpcf7-form-control-wrap your-subject\"><input type=\"text\" name=\"your-subject\" value=\"\" size=\"40\" class=\"wpcf7-form-control wpcf7-text\" aria-invalid=\"false\" \/><\/span> <\/label><\/p>\n<p><label> Tu mensaje<br \/>\n    <span class=\"wpcf7-form-control-wrap your-message\"><textarea name=\"your-message\" cols=\"40\" rows=\"10\" class=\"wpcf7-form-control wpcf7-textarea\" aria-invalid=\"false\"><\/textarea><\/span> <\/label><\/p>\n<p><label><br \/>\n<span class=\"wpcf7-form-control-wrap Verificacin\"><span class=\"wpcf7-form-control wpcf7-checkbox wpcf7-validates-as-required\"><span class=\"wpcf7-list-item first last\"><input type=\"checkbox\" name=\"Verificacin[]\" value=\"Aceptas nuestra pol\u00edtica de privacidad\" \/><span class=\"wpcf7-list-item-label\">Aceptas nuestra pol\u00edtica de privacidad<\/span><\/span><\/span><\/span> <\/br><a href=\"http:\/\/parroquiamilagrosa.es\/wp\/?page_id=3905\">Aviso legal e pol\u00edtica de privacidad<\/a> Como indica a normativa vixente de protecci\u00f3n de datos, informamos que a Parroquia da Milagrosa tratar\u00e1 estes datos s\u00f3 para contestar a t\u00faa consulta ou pornos en contacto contigo.<\/br><br \/>\nPodes exercitar os teus dereitos de protecci\u00f3n de datos no correo <a href=\"mailto:elcorreoquequieres@correo.com\">milagrosa@parroquiamilagrosa.es<\/a><br \/>\n<\/label><\/p>\n<p><input type=\"submit\" value=\"Enviar\" class=\"wpcf7-form-control wpcf7-submit\" \/><\/p>\n<div class=\"wpcf7-response-output\" aria-hidden=\"true\"><\/div><\/form><\/div>\n","protected":false},"excerpt":{"rendered":"<p>Ponte en contacto con nosotros, a trav\u00e9s de este formulario.<\/p>\n","protected":false},"author":1,"featured_media":0,"parent":0,"menu_order":0,"comment_status":"closed","ping_status":"closed","template":"","meta":[],"_links":{"self":[{"href":"https:\/\/parroquiamilagrosa.es\/index.php?rest_route=\/wp\/v2\/pages\/3599"}],"collection":[{"href":"https:\/\/parroquiamilagrosa.es\/index.php?rest_route=\/wp\/v2\/pages"}],"about":[{"href":"https:\/\/parroquiamilagrosa.es\/index.php?rest_route=\/wp\/v2\/types\/page"}],"author":[{"embeddable":true,"href":"https:\/\/parroquiamilagrosa.es\/index.php?rest_route=\/wp\/v2\/users\/1"}],"replies":[{"embeddable":true,"href":"https:\/\/parroquiamilagrosa.es\/index.php?rest_route=%2Fwp%2Fv2%2Fcomments&post=3599"}],"version-history":[{"count":4,"href":"https:\/\/parroquiamilagrosa.es\/index.php?rest_route=\/wp\/v2\/pages\/3599\/revisions"}],"predecessor-version":[{"id":3749,"href":"https:\/\/parroquiamilagrosa.es\/index.php?rest_route=\/wp\/v2\/pages\/3599\/revisions\/3749"}],"wp:attachment":[{"href":"https:\/\/parroquiamilagrosa.es\/index.php?rest_route=%2Fwp%2Fv2%2Fmedia&parent=3599"}],"curies":[{"name":"wp","href":"https:\/\/api.w.org\/{rel}","templated":true}]}}