{"id":3835,"date":"2020-06-04T11:39:36","date_gmt":"2020-06-04T11:39:36","guid":{"rendered":"http:\/\/parroquiamilagrosa.es\/wp\/?page_id=3835"},"modified":"2020-07-02T09:37:15","modified_gmt":"2020-07-02T09:37:15","slug":"atencion","status":"publish","type":"page","link":"https:\/\/parroquiamilagrosa.es\/?page_id=3835","title":{"rendered":"Atenci\u00f3n"},"content":{"rendered":"<p>C\u00e1ritas Parroquial da Milagrosa atende os xoves de 17:30 a 19:30h. no despacho parroquial.<\/p>\n<p>\u00c9 necesaria cita previa.<\/p>\n<h4>DOCUMENTACI\u00d3N SOLICITADA DOS MAIORES DE 16 ANOS DE IDADE<\/h4>\n<ul>\n<li>DNI \/ NIE \/ pasaporte<\/li>\n<li>libro de familia<\/li>\n<li>padr\u00f3n conxunto<\/li>\n<li>contrato de aluguer vivenda \/ t\u00edtulo de propiedade de vivenda<\/li>\n<li>\u00faltimo recibo de aluguer \/ \u00faltimo recibo pago hipoteca<\/li>\n<li>certificado de <em>s\u00ed-non<\/em> cobra prestaci\u00f3n &#8211; subvenci\u00f3n do sepe<\/li>\n<li>certificado de que <em>s\u00ed-non<\/em> cobran prestaciones do inss<\/li>\n<li>resoluci\u00f3n risga<\/li>\n<li>contrato de traballo e\/ou \u00faltima n\u00f3mina<\/li>\n<li>cartilla ou extracto bancario dos \u00faltimos 6 meses<\/li>\n<\/ul>\n","protected":false},"excerpt":{"rendered":"<p>C\u00e1ritas Parroquial da Milagrosa atende os xoves de 17:30 a 19:30h. no despacho parroquial. \u00c9 necesaria cita previa. DOCUMENTACI\u00d3N SOLICITADA DOS MAIORES DE 16 ANOS DE IDADE DNI \/ NIE \/ pasaporte libro de familia padr\u00f3n conxunto contrato de aluguer vivenda \/ t\u00edtulo de propiedade de vivenda \u00faltimo recibo de aluguer \/ \u00faltimo recibo pago hipoteca certificado de s\u00ed-non cobra prestaci\u00f3n &#8211; subvenci\u00f3n do sepe certificado de que s\u00ed-non cobran prestaciones do inss resoluci\u00f3n risga contrato de traballo e\/ou \u00faltima&hellip;<\/p>\n","protected":false},"author":1,"featured_media":0,"parent":0,"menu_order":0,"comment_status":"closed","ping_status":"closed","template":"","meta":[],"_links":{"self":[{"href":"https:\/\/parroquiamilagrosa.es\/index.php?rest_route=\/wp\/v2\/pages\/3835"}],"collection":[{"href":"https:\/\/parroquiamilagrosa.es\/index.php?rest_route=\/wp\/v2\/pages"}],"about":[{"href":"https:\/\/parroquiamilagrosa.es\/index.php?rest_route=\/wp\/v2\/types\/page"}],"author":[{"embeddable":true,"href":"https:\/\/parroquiamilagrosa.es\/index.php?rest_route=\/wp\/v2\/users\/1"}],"replies":[{"embeddable":true,"href":"https:\/\/parroquiamilagrosa.es\/index.php?rest_route=%2Fwp%2Fv2%2Fcomments&post=3835"}],"version-history":[{"count":4,"href":"https:\/\/parroquiamilagrosa.es\/index.php?rest_route=\/wp\/v2\/pages\/3835\/revisions"}],"predecessor-version":[{"id":3948,"href":"https:\/\/parroquiamilagrosa.es\/index.php?rest_route=\/wp\/v2\/pages\/3835\/revisions\/3948"}],"wp:attachment":[{"href":"https:\/\/parroquiamilagrosa.es\/index.php?rest_route=%2Fwp%2Fv2%2Fmedia&parent=3835"}],"curies":[{"name":"wp","href":"https:\/\/api.w.org\/{rel}","templated":true}]}}