{"id":3842,"date":"2020-06-04T11:41:33","date_gmt":"2020-06-04T11:41:33","guid":{"rendered":"http:\/\/parroquiamilagrosa.es\/wp\/?page_id=3842"},"modified":"2020-08-19T09:25:34","modified_gmt":"2020-08-19T09:25:34","slug":"realidades-eclesiais","status":"publish","type":"page","link":"https:\/\/parroquiamilagrosa.es\/?page_id=3842","title":{"rendered":"Realidades eclesiais"},"content":{"rendered":"<h5>Na comunidade parroquial da Milagrosa temos presentes diversas realidades da Igrexa.<\/h5>\n<ul>\n<li style=\"list-style-type: none;\">\n<ul>\n<li>Relixiosos\n<ul>\n<li><a href=\"http:\/\/www.salesianoslugo.es\/\" target=\"_blank\" rel=\"noopener noreferrer\">Familia Salesiana.<\/a><\/li>\n<li><a href=\"http:\/\/sagradafamiliaburdeos.blogspot.com\/\" target=\"_blank\" rel=\"noopener noreferrer\">Sagrada Familia de Burdeos.<\/a><\/li>\n<\/ul>\n<\/li>\n<li><a href=\"http:\/\/parroquiamilagrosa.es\/CAMINO_NEOCATECUMENAL.pdf\" target=\"_blank\" rel=\"noopener noreferrer\">Cami\u00f1o Neocatecumenal.<\/a><\/li>\n<li><a href=\"https:\/\/vidaascendente.es\/\" target=\"_blank\" rel=\"noopener noreferrer\">Vida Ascendente.<\/a><\/li>\n<li><a href=\"http:\/\/www.oracio.org\/es\/nosotros\" target=\"_blank\" rel=\"noopener noreferrer\">Grupos de Oraci\u00f3n y Amistad.<\/a><\/li>\n<li><a href=\"https:\/\/equiposens.org\/\" target=\"_blank\" rel=\"noopener noreferrer\">Equipos de Nuestra Se\u00f1ora.<\/a><\/li>\n<li>Residencia de Maiores<\/li>\n<li>Coro.\n<ul>\n<li>Misa do domingo 11:30<\/li>\n<li>Grupo Coral<\/li>\n<\/ul>\n<\/li>\n<\/ul>\n<\/li>\n<\/ul>\n<p align=\"center\"><iframe src=\"https:\/\/www.youtube.com\/embed\/videoseries?list=PLeMhlBMomvvgLszWqDe0_rOuhTBY9kVIm\" width=\"560px\" height=\"315px\" frameborder=\"0\" allowfullscreen=\"allowfullscreen\"><span data-mce-type=\"bookmark\" style=\"display: inline-block; width: 0px; overflow: hidden; line-height: 0;\" class=\"mce_SELRES_start\">\ufeff<\/span><\/iframe><\/p>\n","protected":false},"excerpt":{"rendered":"<p>Na comunidade parroquial da Milagrosa temos presentes diversas realidades da Igrexa. Relixiosos Familia Salesiana. Sagrada Familia de Burdeos. Cami\u00f1o Neocatecumenal. Vida Ascendente. Grupos de Oraci\u00f3n y Amistad. Equipos de Nuestra Se\u00f1ora. Residencia de Maiores Coro. Misa do domingo 11:30 Grupo Coral \ufeff<\/p>\n","protected":false},"author":1,"featured_media":0,"parent":0,"menu_order":0,"comment_status":"closed","ping_status":"closed","template":"","meta":[],"_links":{"self":[{"href":"https:\/\/parroquiamilagrosa.es\/index.php?rest_route=\/wp\/v2\/pages\/3842"}],"collection":[{"href":"https:\/\/parroquiamilagrosa.es\/index.php?rest_route=\/wp\/v2\/pages"}],"about":[{"href":"https:\/\/parroquiamilagrosa.es\/index.php?rest_route=\/wp\/v2\/types\/page"}],"author":[{"embeddable":true,"href":"https:\/\/parroquiamilagrosa.es\/index.php?rest_route=\/wp\/v2\/users\/1"}],"replies":[{"embeddable":true,"href":"https:\/\/parroquiamilagrosa.es\/index.php?rest_route=%2Fwp%2Fv2%2Fcomments&post=3842"}],"version-history":[{"count":7,"href":"https:\/\/parroquiamilagrosa.es\/index.php?rest_route=\/wp\/v2\/pages\/3842\/revisions"}],"predecessor-version":[{"id":4053,"href":"https:\/\/parroquiamilagrosa.es\/index.php?rest_route=\/wp\/v2\/pages\/3842\/revisions\/4053"}],"wp:attachment":[{"href":"https:\/\/parroquiamilagrosa.es\/index.php?rest_route=%2Fwp%2Fv2%2Fmedia&parent=3842"}],"curies":[{"name":"wp","href":"https:\/\/api.w.org\/{rel}","templated":true}]}}