{"id":3844,"date":"2020-06-04T11:42:11","date_gmt":"2020-06-04T11:42:11","guid":{"rendered":"http:\/\/parroquiamilagrosa.es\/wp\/?page_id=3844"},"modified":"2020-07-09T10:24:53","modified_gmt":"2020-07-09T10:24:53","slug":"onde-estamos","status":"publish","type":"page","link":"https:\/\/parroquiamilagrosa.es\/?page_id=3844","title":{"rendered":"Onde estamos?"},"content":{"rendered":"<p>Direcci\u00f3n: Praza da Milagrosa S\/N 27003 Lugo, Lugo<\/p>\n<div id=\"wpgmza_map\" data-settings='{\"id\":\"1\",\"map_title\":\"Parroquia\",\"map_width\":\"100\",\"map_height\":\"300\",\"map_start_lat\":\"43.019533\",\"map_start_lng\":\"-7.564762\",\"map_start_location\":\"43.01953258471053,-7.5647616319465625\",\"map_start_zoom\":\"17\",\"default_marker\":\"0\",\"type\":\"3\",\"alignment\":\"2\",\"directions_enabled\":\"1\",\"styling_enabled\":\"0\",\"styling_json\":\"\",\"active\":\"0\",\"kml\":\"\",\"bicycle\":\"2\",\"traffic\":\"2\",\"dbox\":\"1\",\"dbox_width\":\"100\",\"listmarkers\":\"0\",\"listmarkers_advanced\":\"0\",\"filterbycat\":\"0\",\"ugm_enabled\":\"0\",\"ugm_category_enabled\":\"0\",\"fusion\":\"\",\"map_width_type\":\"\\\\%\",\"map_height_type\":\"px\",\"mass_marker_support\":\"1\",\"ugm_access\":\"0\",\"order_markers_by\":\"1\",\"order_markers_choice\":\"2\",\"show_user_location\":\"0\",\"default_to\":\"\",\"other_settings\":{\"store_locator_enabled\":2,\"store_locator_distance\":2,\"store_locator_default_radius\":\"10\",\"store_locator_not_found_message\":\"No se han encontrado resultados en esta ubicaci\\u00f3n. Vuelve a intentarlo.\",\"store_locator_bounce\":1,\"store_locator_query_string\":\"ZIP \\\/ C\\u00f3digo Postal \\\/ Direcci\\u00f3n\",\"store_locator_default_address\":\"\",\"wpgmza_store_locator_restrict\":\"\",\"store_locator_style\":\"modern\",\"wpgmza_store_locator_radius_style\":\"modern\",\"map_max_zoom\":\"1\",\"transport_layer\":2,\"wpgmza_show_points_of_interest\":0}}' data-shortcode-attributes='{\"id\":\"1\"}' style=\"display:block; overflow:auto; width:100%; height:300px; margin-left:auto !important; margin-right:auto; !important; align:center;\"><\/div>\n<p>Pertencen a esta parroquia as avenidas, barrios, r\u00faas, cami\u00f1os, estradas, carriles, xard\u00edns, lugares, parques, prazas e traves\u00edas denominadas:<\/p>\n<p>Abr\u00f3tegas,\u00a0 Acacia, Aceroleiro (impares), \u00c1lamo,Alba(pares), Alcalde Ramiro Rueda Fern\u00e1ndez, Alexandre B\u00f3veda, Alacante, Alvedro, Ameixeira, Amendoeira, Angelo Colocci (pares), Armi\u00f1o, Atalaia (pares), Avenida Coru\u00f1a (del 81 al 333, y del 84 al 306), Avutarda (impares), Azor, Buxo, Cami\u00f1o de Pip\u00edn, Ca\u00admi\u00f1o Real (64-65 al final), Cami\u00f1o Verde, Cedro (pares), Das Fontes, Das P\u00ed\u00adas, D\u00edaz Castro, Divina Pastora, Do\u00f1a Urraca, Dos Gardas, Doutor Y\u00e1\u00f1ez Re bolo (22-25 al final), Escultor Otero Besteiro, Flor de Lirio (pares e impares hasta Alba; impares desde Alba a frente a final Lumbrigante), Franco (pares; e impares hasta Cedro), Illas Canarias (pares hasta el 124; e impares hasta Fran\u00adco), Illas C\u00edes, Juana Ibarborou, Juana la Loca, Lamas de Prado (pares hasta Lumbrigante), Laverca, Luis Ameijide, Lumbrigante (pares), Mallorca, Mar Cant\u00e1brico (hasta Acerolo), Mazaira, Menorca, Milagrosa, Mi\u00f1\u00f3ns, Monte Fa\u00adro (menos impares desde la piscina al final), Perpetuo Socorro, P\u00edas, Pintor L\u00f3pez Gunt\u00edn, Pintor Luis Seoane (desde Tino Grand\u00edo), Pintor Tino Grandio (pares), Pintor Villamil, Pintora Xulia Minguill\u00f3n,\u00a0 Piringalla, Poeta Curros Enr\u00edquez, Poeta Manuel Mar\u00eda, Pombal, Prado, Praza Viana do Castelo, Prieto Nespereira, Primeiro de Mayo, Profesor Otero Pedrayo (impares; y pares des\u00adde el 56 al final), Ram\u00f3n Pi\u00f1eiro, Reboiras, Rei Chiquito (hasta cruce con Ata\u00adlaia), R\u00edo Avia, R\u00edo Cabe, R\u00edo Ladra, R\u00edo Mera, R\u00edo Narla, R\u00edo Navia, R\u00edo Oribio, R\u00edo Parga, R\u00edo Ser, R\u00edo Sil (solo desde Triaba al final), R\u00edo T\u00e1moga, San Antonio, Sanguino, San Isidro Labrador, San Lourenzo, Santo Graal (hasta Angelo Colocci y prolongaci\u00f3n Acerolo), San Vicente, Traves\u00eda Mar Cant\u00e1bri\u00adco, Triaba (impares), T\u00fanel de Oural, Unidade, Valle Incl\u00e1n, Varela Espa\u00f1a.<\/p>\n","protected":false},"excerpt":{"rendered":"<p>Direcci\u00f3n: Praza da Milagrosa S\/N 27003 Lugo, Lugo Pertencen a esta parroquia as avenidas, barrios, r\u00faas, cami\u00f1os, estradas, carriles, xard\u00edns, lugares, parques, prazas e traves\u00edas denominadas: Abr\u00f3tegas,\u00a0 Acacia, Aceroleiro (impares), \u00c1lamo,Alba(pares), Alcalde Ramiro Rueda Fern\u00e1ndez, Alexandre B\u00f3veda, Alacante, Alvedro, Ameixeira, Amendoeira, Angelo Colocci (pares), Armi\u00f1o, Atalaia (pares), Avenida Coru\u00f1a (del 81 al 333, y del 84 al 306), Avutarda (impares), Azor, Buxo, Cami\u00f1o de Pip\u00edn, Ca\u00admi\u00f1o Real (64-65 al final), Cami\u00f1o Verde, Cedro (pares), Das Fontes, Das P\u00ed\u00adas, D\u00edaz Castro,&hellip;<\/p>\n","protected":false},"author":1,"featured_media":0,"parent":0,"menu_order":0,"comment_status":"closed","ping_status":"closed","template":"","meta":[],"_links":{"self":[{"href":"https:\/\/parroquiamilagrosa.es\/index.php?rest_route=\/wp\/v2\/pages\/3844"}],"collection":[{"href":"https:\/\/parroquiamilagrosa.es\/index.php?rest_route=\/wp\/v2\/pages"}],"about":[{"href":"https:\/\/parroquiamilagrosa.es\/index.php?rest_route=\/wp\/v2\/types\/page"}],"author":[{"embeddable":true,"href":"https:\/\/parroquiamilagrosa.es\/index.php?rest_route=\/wp\/v2\/users\/1"}],"replies":[{"embeddable":true,"href":"https:\/\/parroquiamilagrosa.es\/index.php?rest_route=%2Fwp%2Fv2%2Fcomments&post=3844"}],"version-history":[{"count":5,"href":"https:\/\/parroquiamilagrosa.es\/index.php?rest_route=\/wp\/v2\/pages\/3844\/revisions"}],"predecessor-version":[{"id":4000,"href":"https:\/\/parroquiamilagrosa.es\/index.php?rest_route=\/wp\/v2\/pages\/3844\/revisions\/4000"}],"wp:attachment":[{"href":"https:\/\/parroquiamilagrosa.es\/index.php?rest_route=%2Fwp%2Fv2%2Fmedia&parent=3844"}],"curies":[{"name":"wp","href":"https:\/\/api.w.org\/{rel}","templated":true}]}}