{"id":3872,"date":"2020-06-30T10:23:04","date_gmt":"2020-06-30T10:23:04","guid":{"rendered":"http:\/\/parroquiamilagrosa.es\/wp\/?page_id=3872"},"modified":"2020-07-15T10:20:16","modified_gmt":"2020-07-15T10:20:16","slug":"donativos","status":"publish","type":"page","link":"https:\/\/parroquiamilagrosa.es\/?page_id=3872","title":{"rendered":"Donativos"},"content":{"rendered":"<p>Se queres axudar \u00e1 Igrexa nas s\u00faas necesidades e colaborar na acci\u00f3n social que levamos a cabo, este \u00e9 o n\u00famero de conta da Parroquia da Milagrosa<\/p>\n<h3>TITULAR: PARROQUIA DA MILAGROSA<\/h3>\n<h3>N\u00ba DE CONTA: ES67 2080 0102 1430 0011 7234<\/h3>\n<p>Se elixe a opci\u00f3n de transferencia e desexa un certificado co que poder deducir na Declaraci\u00f3n da Renta a parte correspondente do seu donativo, \u00e9 necesario que nos remita os seguintes datos pulsando o seguinte enlace<\/p>\n<h2>Solicitude certificado para deducci\u00f3n na Declaraci\u00f3n da Renta<\/h2>\n<p>Por favor complete os seguintes campos se colabora a trav\u00e9s de transferencia e desexa un certificado co que poder deducir na Declaraci\u00f3n da Renta a parte correspondente do seu donativo.<\/p>\n<div class=\"wpforms-container wpforms-container-full\" id=\"wpforms-3934\"><form id=\"wpforms-form-3934\" class=\"wpforms-validate wpforms-form\" data-formid=\"3934\" method=\"post\" enctype=\"multipart\/form-data\" action=\"\/index.php?rest_route=%2Fwp%2Fv2%2Fpages%2F3872\" data-token=\"1aa39df75bcb50534fe258c050c4c0d2\"><noscript class=\"wpforms-error-noscript\">Por favor, activa JavaScript en tu navegador para completar este formulario.<\/noscript><div class=\"wpforms-field-container\"><div id=\"wpforms-3934-field_5-container\" class=\"wpforms-field wpforms-field-email\" data-field-id=\"5\"><label class=\"wpforms-field-label\" for=\"wpforms-3934-field_5\">Correo electr\u00f3nico <span class=\"wpforms-required-label\">*<\/span><\/label><input type=\"email\" id=\"wpforms-3934-field_5\" class=\"wpforms-field-medium wpforms-field-required\" name=\"wpforms[fields][5]\" required><\/div><div id=\"wpforms-3934-field_4-container\" class=\"wpforms-field wpforms-field-name\" data-field-id=\"4\"><label class=\"wpforms-field-label\" for=\"wpforms-3934-field_4\">Nombre Completo <span class=\"wpforms-required-label\">*<\/span><\/label><div class=\"wpforms-field-row wpforms-field-medium\"><div class=\"wpforms-field-row-block wpforms-first wpforms-one-half\"><input type=\"text\" id=\"wpforms-3934-field_4\" class=\"wpforms-field-name-first wpforms-field-required\" name=\"wpforms[fields][4][first]\" required><label for=\"wpforms-3934-field_4\" class=\"wpforms-field-sublabel after \">Nombre<\/label><\/div><div class=\"wpforms-field-row-block wpforms-one-half\"><input type=\"text\" id=\"wpforms-3934-field_4-last\" class=\"wpforms-field-name-last wpforms-field-required\" name=\"wpforms[fields][4][last]\" required><label for=\"wpforms-3934-field_4-last\" class=\"wpforms-field-sublabel after \">Apellidos<\/label><\/div><\/div><\/div><div id=\"wpforms-3934-field_8-container\" class=\"wpforms-field wpforms-field-text\" data-field-id=\"8\"><label class=\"wpforms-field-label\" for=\"wpforms-3934-field_8\">NIF <span class=\"wpforms-required-label\">*<\/span><\/label><input type=\"text\" id=\"wpforms-3934-field_8\" class=\"wpforms-field-medium wpforms-field-required wpforms-masked-input\" data-inputmask-mask=\"99999999A\" data-rule-empty-blanks=\"1\" name=\"wpforms[fields][8]\" required><\/div><div id=\"wpforms-3934-field_7-container\" class=\"wpforms-field wpforms-field-number\" data-field-id=\"7\"><label class=\"wpforms-field-label\" for=\"wpforms-3934-field_7\">Cont\u00eda do donativo <span class=\"wpforms-required-label\">*<\/span><\/label><input type=\"number\" pattern=\"\\d*\" id=\"wpforms-3934-field_7\" class=\"wpforms-field-medium wpforms-field-required\" name=\"wpforms[fields][7]\" required><\/div><div id=\"wpforms-3934-field_9-container\" class=\"wpforms-field wpforms-field-text\" data-field-id=\"9\"><label class=\"wpforms-field-label\" for=\"wpforms-3934-field_9\">Data da transferencia <span class=\"wpforms-required-label\">*<\/span><\/label><input type=\"text\" id=\"wpforms-3934-field_9\" class=\"wpforms-field-medium wpforms-field-required wpforms-masked-input\" data-inputmask-mask=\"99-99-9999\" data-rule-empty-blanks=\"1\" name=\"wpforms[fields][9]\" required><\/div><div id=\"wpforms-3934-field_11-container\" class=\"wpforms-field wpforms-field-text\" data-field-id=\"11\"><label class=\"wpforms-field-label\" for=\"wpforms-3934-field_11\">Enderezo completo <span class=\"wpforms-required-label\">*<\/span><\/label><input type=\"text\" id=\"wpforms-3934-field_11\" class=\"wpforms-field-medium wpforms-field-required\" name=\"wpforms[fields][11]\" required><\/div><div id=\"wpforms-3934-field_13-container\" class=\"wpforms-field wpforms-field-number\" data-field-id=\"13\"><label class=\"wpforms-field-label\" for=\"wpforms-3934-field_13\">Tel\u00e9fono de contacto <span class=\"wpforms-required-label\">*<\/span><\/label><input type=\"number\" pattern=\"\\d*\" id=\"wpforms-3934-field_13\" class=\"wpforms-field-medium wpforms-field-required\" name=\"wpforms[fields][13]\" required><\/div><div id=\"wpforms-3934-field_15-container\" class=\"wpforms-field wpforms-field-checkbox\" data-field-id=\"15\"><label class=\"wpforms-field-label\" for=\"wpforms-3934-field_15\">Casillas de verificaci\u00f3n <span class=\"wpforms-required-label\">*<\/span><\/label><ul id=\"wpforms-3934-field_15\" class=\"wpforms-field-required\"><li class=\"choice-1 depth-1\"><input type=\"checkbox\" id=\"wpforms-3934-field_15_1\" name=\"wpforms[fields][15][]\" value=\"Aceptas nuestra pol\u00edtica de privacidad\" required ><label class=\"wpforms-field-label-inline\" for=\"wpforms-3934-field_15_1\">Aceptas nuestra pol\u00edtica de privacidad<\/label><\/li><\/ul><div class=\"wpforms-field-description\"><a href=\"http:\/\/parroquiamilagrosa.es\/wp\/?page_id=3905\">Aviso legal e pol\u00edtica de privacidad<\/a> Como indica a normativa vixente de protecci\u00f3n de datos, informamos que a Parroquia da Milagrosa tratar\u00e1 estes datos s\u00f3 para contestar a t\u00faa consulta ou pornos en contacto contigo.\r\n<\/br>\r\nPodes exercitar os teus dereitos de protecci\u00f3n de datos no correo <a href=\"mailto:elcorreoquequieres@correo.com\">milagrosa@parroquiamilagrosa.es<\/a><\/div><\/div><\/div><div class=\"wpforms-field wpforms-field-hp\"><label for=\"wpforms-3934-field-hp\" class=\"wpforms-field-label\">Comment<\/label><input type=\"text\" name=\"wpforms[hp]\" id=\"wpforms-3934-field-hp\" class=\"wpforms-field-medium\"><\/div><div class=\"wpforms-submit-container\" ><input type=\"hidden\" name=\"wpforms[id]\" value=\"3934\"><input type=\"hidden\" name=\"wpforms[author]\" value=\"1\"><button type=\"submit\" name=\"wpforms[submit]\" class=\"wpforms-submit \" id=\"wpforms-submit-3934\" value=\"wpforms-submit\" aria-live=\"assertive\" data-alt-text=\"Enviando...\" data-submit-text=\"Enviar\">Enviar<\/button><\/div><\/form><\/div>  <!-- .wpforms-container -->\n","protected":false},"excerpt":{"rendered":"<p>Se queres axudar \u00e1 Igrexa nas s\u00faas necesidades e colaborar na acci\u00f3n social que levamos a cabo, este \u00e9 o n\u00famero de conta da Parroquia da Milagrosa TITULAR: PARROQUIA DA MILAGROSA N\u00ba DE CONTA: ES67 2080 0102 1430 0011 7234 Se elixe a opci\u00f3n de transferencia e desexa un certificado co que poder deducir na Declaraci\u00f3n da Renta a parte correspondente do seu donativo, \u00e9 necesario que nos remita os seguintes datos pulsando o seguinte enlace Solicitude certificado para deducci\u00f3n&hellip;<\/p>\n","protected":false},"author":1,"featured_media":0,"parent":0,"menu_order":0,"comment_status":"closed","ping_status":"closed","template":"","meta":[],"_links":{"self":[{"href":"https:\/\/parroquiamilagrosa.es\/index.php?rest_route=\/wp\/v2\/pages\/3872"}],"collection":[{"href":"https:\/\/parroquiamilagrosa.es\/index.php?rest_route=\/wp\/v2\/pages"}],"about":[{"href":"https:\/\/parroquiamilagrosa.es\/index.php?rest_route=\/wp\/v2\/types\/page"}],"author":[{"embeddable":true,"href":"https:\/\/parroquiamilagrosa.es\/index.php?rest_route=\/wp\/v2\/users\/1"}],"replies":[{"embeddable":true,"href":"https:\/\/parroquiamilagrosa.es\/index.php?rest_route=%2Fwp%2Fv2%2Fcomments&post=3872"}],"version-history":[{"count":7,"href":"https:\/\/parroquiamilagrosa.es\/index.php?rest_route=\/wp\/v2\/pages\/3872\/revisions"}],"predecessor-version":[{"id":4035,"href":"https:\/\/parroquiamilagrosa.es\/index.php?rest_route=\/wp\/v2\/pages\/3872\/revisions\/4035"}],"wp:attachment":[{"href":"https:\/\/parroquiamilagrosa.es\/index.php?rest_route=%2Fwp%2Fv2%2Fmedia&parent=3872"}],"curies":[{"name":"wp","href":"https:\/\/api.w.org\/{rel}","templated":true}]}}